{"id":135,"date":"2022-08-19T10:54:11","date_gmt":"2022-08-19T08:54:11","guid":{"rendered":"http:\/\/www.aureliefleurdepeau.com\/?page_id=135"},"modified":"2023-11-02T15:04:35","modified_gmt":"2023-11-02T14:04:35","slug":"fleurs-de-bach","status":"publish","type":"page","link":"https:\/\/www.aureliefleurdepeau.com\/index.php\/fleurs-de-bach\/","title":{"rendered":"Les Fleurs de Bach"},"content":{"rendered":"\n<div class=\"wp-block-columns is-layout-flex wp-container-core-columns-is-layout-9d6595d7 wp-block-columns-is-layout-flex\">\n<div class=\"wp-block-column is-layout-flow wp-block-column-is-layout-flow\">\n<figure class=\"wp-block-image size-full\"><a href=\"http:\/\/www.aureliefleurdepeau.com\/index.php\/la-methode-bach\/\"><img loading=\"lazy\" decoding=\"async\" width=\"800\" height=\"800\" src=\"http:\/\/www.aureliefleurdepeau.com\/wp-content\/uploads\/2022\/12\/fleursdebach-rond.png\" alt=\"\" class=\"wp-image-347\" srcset=\"https:\/\/www.aureliefleurdepeau.com\/wp-content\/uploads\/2022\/12\/fleursdebach-rond.png 800w, https:\/\/www.aureliefleurdepeau.com\/wp-content\/uploads\/2022\/12\/fleursdebach-rond-300x300.png 300w, https:\/\/www.aureliefleurdepeau.com\/wp-content\/uploads\/2022\/12\/fleursdebach-rond-150x150.png 150w, https:\/\/www.aureliefleurdepeau.com\/wp-content\/uploads\/2022\/12\/fleursdebach-rond-768x768.png 768w\" sizes=\"auto, (max-width: 800px) 100vw, 800px\" \/><\/a><\/figure>\n\n\n\n<hr class=\"wp-block-separator has-alpha-channel-opacity\"\/>\n\n\n\n<h4 class=\"wp-block-heading has-text-align-center\"><a href=\"http:\/\/www.aureliefleurdepeau.com\/index.php\/la-methode-bach\/\">Au service de votre bien-\u00eatre<\/a><\/h4>\n\n\n\n<ul class=\"wp-block-list\">\n<li>Dans quels cas utiliser les Fleurs de Bach ?<\/li>\n\n\n\n<li>Comment fonctionnent-elles ?<\/li>\n<\/ul>\n<\/div>\n\n\n\n<div class=\"wp-block-column is-layout-flow wp-block-column-is-layout-flow\">\n<figure class=\"wp-block-image size-full\"><a href=\"http:\/\/www.aureliefleurdepeau.com\/index.php\/mon-role-de-conseillere\/\"><img loading=\"lazy\" decoding=\"async\" width=\"800\" height=\"800\" src=\"https:\/\/www.aureliefleurdepeau.com\/wp-content\/uploads\/2023\/11\/Fioles-fleursdebach-rondfleur.png\" alt=\"\" class=\"wp-image-635\" srcset=\"https:\/\/www.aureliefleurdepeau.com\/wp-content\/uploads\/2023\/11\/Fioles-fleursdebach-rondfleur.png 800w, https:\/\/www.aureliefleurdepeau.com\/wp-content\/uploads\/2023\/11\/Fioles-fleursdebach-rondfleur-300x300.png 300w, https:\/\/www.aureliefleurdepeau.com\/wp-content\/uploads\/2023\/11\/Fioles-fleursdebach-rondfleur-150x150.png 150w, https:\/\/www.aureliefleurdepeau.com\/wp-content\/uploads\/2023\/11\/Fioles-fleursdebach-rondfleur-768x768.png 768w\" sizes=\"auto, (max-width: 800px) 100vw, 800px\" \/><\/a><\/figure>\n\n\n\n<hr class=\"wp-block-separator has-alpha-channel-opacity\"\/>\n\n\n\n<h4 class=\"wp-block-heading has-text-align-center\"><a href=\"http:\/\/www.aureliefleurdepeau.com\/index.php\/mon-role-de-conseillere\/\">Mon r\u00f4le de conseill\u00e8re<\/a><\/h4>\n\n\n\n<ul class=\"wp-block-list\">\n<li>Mon r\u00f4le en tant que Conseill\u00e8re Fleurs de Bach<\/li>\n\n\n\n<li>Comment se passe un entretien Fleurs de Bach ?<\/li>\n<\/ul>\n\n\n\n<p><\/p>\n<\/div>\n\n\n\n<div class=\"wp-block-column is-layout-flow wp-block-column-is-layout-flow\">\n<figure class=\"wp-block-image size-full\"><a href=\"http:\/\/www.aureliefleurdepeau.com\/index.php\/en-connaitre-davantage\/\"><img loading=\"lazy\" decoding=\"async\" width=\"800\" height=\"800\" src=\"https:\/\/www.aureliefleurdepeau.com\/wp-content\/uploads\/2023\/11\/Fioles-fleursdebach-rond.png\" alt=\"\" class=\"wp-image-636\" srcset=\"https:\/\/www.aureliefleurdepeau.com\/wp-content\/uploads\/2023\/11\/Fioles-fleursdebach-rond.png 800w, https:\/\/www.aureliefleurdepeau.com\/wp-content\/uploads\/2023\/11\/Fioles-fleursdebach-rond-300x300.png 300w, https:\/\/www.aureliefleurdepeau.com\/wp-content\/uploads\/2023\/11\/Fioles-fleursdebach-rond-150x150.png 150w, https:\/\/www.aureliefleurdepeau.com\/wp-content\/uploads\/2023\/11\/Fioles-fleursdebach-rond-768x768.png 768w\" sizes=\"auto, (max-width: 800px) 100vw, 800px\" \/><\/a><\/figure>\n\n\n\n<hr class=\"wp-block-separator has-alpha-channel-opacity\"\/>\n\n\n\n<h4 class=\"wp-block-heading has-text-align-center\"><a href=\"http:\/\/www.aureliefleurdepeau.com\/index.php\/en-connaitre-davantage\/\">En conna\u00eetre davantage<\/a><\/h4>\n\n\n\n<ul class=\"wp-block-list\">\n<li>Le Dr Bach, \u00e0 l\u2019origine de la Florath\u00e9rapie<\/li>\n\n\n\n<li>Mode de fabrication des Fleurs de Bach<\/li>\n\n\n\n<li>Les fleurs de Bach, un syt\u00e8me s\u00fbr<\/li>\n\n\n\n<li>Les 7 Groupes des familles et les 38 fleurs de Bach&nbsp;<\/li>\n<\/ul>\n<\/div>\n<\/div>\n\n\n\n<hr class=\"wp-block-separator has-alpha-channel-opacity\"\/>\n","protected":false},"excerpt":{"rendered":"<p>Au service de votre bien-\u00eatre Mon r\u00f4le de conseill\u00e8re En conna\u00eetre davantage<\/p>\n","protected":false},"author":1,"featured_media":0,"parent":0,"menu_order":0,"comment_status":"closed","ping_status":"closed","template":"","meta":{"_ti_tpc_template_sync":false,"_ti_tpc_template_id":"","footnotes":""},"class_list":["post-135","page","type-page","status-publish","hentry"],"_links":{"self":[{"href":"https:\/\/www.aureliefleurdepeau.com\/index.php\/wp-json\/wp\/v2\/pages\/135","targetHints":{"allow":["GET"]}}],"collection":[{"href":"https:\/\/www.aureliefleurdepeau.com\/index.php\/wp-json\/wp\/v2\/pages"}],"about":[{"href":"https:\/\/www.aureliefleurdepeau.com\/index.php\/wp-json\/wp\/v2\/types\/page"}],"author":[{"embeddable":true,"href":"https:\/\/www.aureliefleurdepeau.com\/index.php\/wp-json\/wp\/v2\/users\/1"}],"replies":[{"embeddable":true,"href":"https:\/\/www.aureliefleurdepeau.com\/index.php\/wp-json\/wp\/v2\/comments?post=135"}],"version-history":[{"count":46,"href":"https:\/\/www.aureliefleurdepeau.com\/index.php\/wp-json\/wp\/v2\/pages\/135\/revisions"}],"predecessor-version":[{"id":638,"href":"https:\/\/www.aureliefleurdepeau.com\/index.php\/wp-json\/wp\/v2\/pages\/135\/revisions\/638"}],"wp:attachment":[{"href":"https:\/\/www.aureliefleurdepeau.com\/index.php\/wp-json\/wp\/v2\/media?parent=135"}],"curies":[{"name":"wp","href":"https:\/\/api.w.org\/{rel}","templated":true}]}}