{"id":206,"date":"2022-11-26T15:11:30","date_gmt":"2022-11-26T14:11:30","guid":{"rendered":"http:\/\/www.aureliefleurdepeau.com\/?page_id=206"},"modified":"2023-11-02T14:24:47","modified_gmt":"2023-11-02T13:24:47","slug":"mon-parcours","status":"publish","type":"page","link":"https:\/\/www.aureliefleurdepeau.com\/index.php\/mon-parcours\/","title":{"rendered":"Mon Parcours"},"content":{"rendered":"\n<div class=\"wp-block-columns is-layout-flex wp-container-core-columns-is-layout-9d6595d7 wp-block-columns-is-layout-flex\">\n<div class=\"wp-block-column is-layout-flow wp-block-column-is-layout-flow\" style=\"flex-basis:100%\"><div class=\"wp-block-image is-style-default\">\n<figure class=\"aligncenter size-full is-resized\"><img loading=\"lazy\" decoding=\"async\" width=\"948\" height=\"1004\" src=\"https:\/\/www.aureliefleurdepeau.com\/wp-content\/uploads\/2023\/11\/photoprofilaureliecarre.png\" alt=\"\" class=\"wp-image-619\" style=\"object-fit:contain;width:200px;height:200px\" srcset=\"https:\/\/www.aureliefleurdepeau.com\/wp-content\/uploads\/2023\/11\/photoprofilaureliecarre.png 948w, https:\/\/www.aureliefleurdepeau.com\/wp-content\/uploads\/2023\/11\/photoprofilaureliecarre-283x300.png 283w, https:\/\/www.aureliefleurdepeau.com\/wp-content\/uploads\/2023\/11\/photoprofilaureliecarre-768x813.png 768w\" sizes=\"auto, (max-width: 948px) 100vw, 948px\" \/><\/figure>\n<\/div><\/div>\n<\/div>\n\n\n\n<p class=\"has-text-align-left\">De nature hypersensible, je me passionne pour l&rsquo;\u00eatre humain et ses modes de fonctionnement.<\/p>\n\n\n\n<p class=\"has-text-align-left\">Je suis naturellement un parcours universitaire dans les sciences humaines (Psychologie sociale\/Sociologie).<\/p>\n\n\n\n<p class=\"has-text-align-left\">Press\u00e9e de construire ma famille, sur laquelle je vais centrer toute mon attention, je m&rsquo;\u00e9loigne de mes projets professionnels.<\/p>\n\n\n\n<p class=\"has-text-align-left\">C&rsquo;est seulement en 2012, alors que je traverse une crise de vie pendant laquelle plusieurs \u00e9v\u00e8nements douloureux vont m&rsquo;\u00e9branler, que je d\u00e9couvre les fleurs de Bach, ces petits \u00e9lixirs qui durant toute mon enfance ont attir\u00e9 mon attention \u00e0 chaque fois que j&rsquo;entrais dans une pharmacie, sans savoir \u00e0 quoi ils pouvaient servir, faute de ma trop grande r\u00e9serve.<\/p>\n\n\n\n<p class=\"has-text-align-left\">Je les utilise dans un premier temps en autodidacte, de mani\u00e8re symptomatique.<\/p>\n\n\n\n<p class=\"has-text-align-left\">D\u00e9s leur prise, je connais un vrai soulagement \u00e0 mes maux de mani\u00e8re quasi instantan\u00e9e,<\/p>\n\n\n\n<p class=\"has-text-align-left\">Au fur et \u00e0 mesure de les vivre, je d\u00e9couvre leur pouvoir qui va bien au del\u00e0 de la \u00ab\u00a0bobologie\u00a0\u00bb.<\/p>\n\n\n\n<p class=\"has-text-align-left\">En effet, souffrant depuis toujours de mes relations, en grande d\u00e9pendante affective que je suis, elles m&rsquo;aident \u00e0 sortir de sch\u00e9mas toxiques, et transforment mes peurs en esp\u00e9rance.<\/p>\n\n\n\n<p class=\"has-text-align-left\">Aujourd&rsquo;hui elles continuent de m&rsquo;accompagner pour \u00eatre en harmonie dans ma mission de vie.<\/p>\n\n\n\n<p class=\"has-text-align-left\">C&rsquo;est de ces 10 ann\u00e9es d&rsquo;exp\u00e9rience que je souhaite vous faire profiter afin de vous aider \u00e0 vivre en harmonie et d\u00e9velopper votre plein potentiel.<\/p>\n\n\n\n<hr class=\"wp-block-separator has-alpha-channel-opacity\"\/>\n\n\n\n<h2 class=\"wp-block-heading has-text-align-center\">Mes certifications et formations<\/h2>\n\n\n\n<p class=\"has-text-align-left has-background-color-background-color has-background\"><strong>2012-2014 :<\/strong> Certification en Naturopathie (IFSH NICE)<br><strong>2013-2014 :<\/strong> Formation et perfectionnement \u00e0 la r\u00e9flexologie plantaire (m\u00e9thode Ingham)<br><strong>2015 :<\/strong> Formation Fleurs de Bach &#8211; Niveau 1 (La Petite Ecole des fleurs &#8211; Carros)<br><strong>2016 :<\/strong> Formation Fleurs de Bach &#8211; Niveau 2 (La Petite Ecole des fleurs &#8211; Carros)<br><strong>2022 :<\/strong> Formation Fleurs de Bach &#8211; Niveau 3 (Le Jardin des Alchimistes &#8211; Lorgues)<\/p>\n","protected":false},"excerpt":{"rendered":"<p>De nature hypersensible, je me passionne pour l&rsquo;\u00eatre humain et ses modes de fonctionnement. Je suis naturellement un parcours universitaire dans les sciences humaines (Psychologie sociale\/Sociologie). Press\u00e9e de construire ma famille, sur laquelle je vais centrer toute mon attention, je m&rsquo;\u00e9loigne de mes projets professionnels. C&rsquo;est seulement en 2012, alors [&hellip;]<\/p>\n","protected":false},"author":1,"featured_media":0,"parent":0,"menu_order":0,"comment_status":"closed","ping_status":"closed","template":"","meta":{"_ti_tpc_template_sync":false,"_ti_tpc_template_id":"","footnotes":""},"class_list":["post-206","page","type-page","status-publish","hentry"],"_links":{"self":[{"href":"https:\/\/www.aureliefleurdepeau.com\/index.php\/wp-json\/wp\/v2\/pages\/206","targetHints":{"allow":["GET"]}}],"collection":[{"href":"https:\/\/www.aureliefleurdepeau.com\/index.php\/wp-json\/wp\/v2\/pages"}],"about":[{"href":"https:\/\/www.aureliefleurdepeau.com\/index.php\/wp-json\/wp\/v2\/types\/page"}],"author":[{"embeddable":true,"href":"https:\/\/www.aureliefleurdepeau.com\/index.php\/wp-json\/wp\/v2\/users\/1"}],"replies":[{"embeddable":true,"href":"https:\/\/www.aureliefleurdepeau.com\/index.php\/wp-json\/wp\/v2\/comments?post=206"}],"version-history":[{"count":22,"href":"https:\/\/www.aureliefleurdepeau.com\/index.php\/wp-json\/wp\/v2\/pages\/206\/revisions"}],"predecessor-version":[{"id":620,"href":"https:\/\/www.aureliefleurdepeau.com\/index.php\/wp-json\/wp\/v2\/pages\/206\/revisions\/620"}],"wp:attachment":[{"href":"https:\/\/www.aureliefleurdepeau.com\/index.php\/wp-json\/wp\/v2\/media?parent=206"}],"curies":[{"name":"wp","href":"https:\/\/api.w.org\/{rel}","templated":true}]}}