{"id":403,"date":"2022-12-03T16:14:26","date_gmt":"2022-12-03T15:14:26","guid":{"rendered":"http:\/\/www.aureliefleurdepeau.com\/?page_id=403"},"modified":"2023-12-29T17:21:57","modified_gmt":"2023-12-29T16:21:57","slug":"la-methode-bach","status":"publish","type":"page","link":"https:\/\/www.aureliefleurdepeau.com\/index.php\/la-methode-bach\/","title":{"rendered":"<strong>Au service de votre bien-\u00eatre<\/strong>"},"content":{"rendered":"\n<h2 class=\"wp-block-heading has-text-align-center\">Dans quels cas utiliser les Fleurs de Bach ?<\/h2>\n\n\n\n<ul class=\"wp-block-list\">\n<li>Vous vous sentez stress\u00e9, \u00e9puis\u00e9, angoiss\u00e9, ou surmen\u00e9. <br><\/li>\n\n\n\n<li>Vous \u00eates \u00e0 fleur de peau, vous avez l&rsquo;impression d&rsquo;\u00eatre d\u00e9pass\u00e9 par les \u00e9v\u00e8nements, vous sentez que vous pouvez craquer.<br><\/li>\n\n\n\n<li>Vous \u00eates agac\u00e9, frustr\u00e9, en col\u00e8re ou apeur\u00e9.<br><\/li>\n\n\n\n<li>Vous \u00eates d\u00e9\u00e7u par vos relations, vous souffrez de votre solitude, d&rsquo;un sentiment d&rsquo;injustice, ou de culpabilit\u00e9.<br><\/li>\n\n\n\n<li>Vous \u00eates attrist\u00e9 par un \u00e9v\u00e8nement, vous avez perdu espoir, vous ne trouvez pas d&rsquo;issue positive.<br><\/li>\n\n\n\n<li>Votre motivation est mise \u00e0 l&rsquo;\u00e9preuve, vous ne savez plus o\u00f9 vous en \u00eates, vous doutez de vous.<br><\/li>\n\n\n\n<li>Vous avez des difficult\u00e9s \u00e0 passer \u00e0 l&rsquo;action, \u00e0 vous positionner, \u00e0 prendre des d\u00e9cisions, vous avez perdu confiance en vous, vous avez du mal \u00e0 passer \u00e0 l&rsquo;action.<br><\/li>\n\n\n\n<li>Vous avez des difficult\u00e9s \u00e0 l\u00e2cher prise, \u00e0 vous d\u00e9tendre, vous souffrez de pression au travail.<br><\/li>\n\n\n\n<li>Vous avez tendance \u00e0 ruminer, \u00e0 avoir des pens\u00e9es n\u00e9gatives en boucle, votre sommeil est perturb\u00e9, vous \u00eates fatigu\u00e9 moralement et physiquement.<\/li>\n<\/ul>\n\n\n<div class=\"wp-block-image is-style-default\">\n<figure class=\"aligncenter size-full\"><img loading=\"lazy\" decoding=\"async\" width=\"550\" height=\"367\" src=\"https:\/\/www.aureliefleurdepeau.com\/wp-content\/uploads\/2023\/11\/serenite.jpg\" alt=\"\" class=\"wp-image-644\" srcset=\"https:\/\/www.aureliefleurdepeau.com\/wp-content\/uploads\/2023\/11\/serenite.jpg 550w, https:\/\/www.aureliefleurdepeau.com\/wp-content\/uploads\/2023\/11\/serenite-300x200.jpg 300w, https:\/\/www.aureliefleurdepeau.com\/wp-content\/uploads\/2023\/11\/serenite-360x240.jpg 360w\" sizes=\"auto, (max-width: 550px) 100vw, 550px\" \/><\/figure>\n<\/div>\n\n\n<p><\/p>\n\n\n\n<p class=\"has-text-align-left has-background-color-background-color has-background\">R\u00e9pertori\u00e9es au nombre de 38, les fleurs de Bach r\u00e9pondent \u00e0 tous vos besoins \u00e9motionnels.<br>Qu&rsquo;ils s&rsquo;utilisent de mani\u00e8re ponctuelle ou curative, ces Elixirs sont un merveilleux outil pour d\u00e9passer des phases de vie difficiles mais sont aussi un outil de d\u00e9veloppement personnel qui vous aident \u00e0 devenir la meilleure version de vous-m\u00eame, \u00e0 \u00eatre pleinement heureux&#8230;<\/p>\n\n\n\n<hr class=\"wp-block-separator has-alpha-channel-opacity\"\/>\n\n\n\n<h2 class=\"wp-block-heading has-text-align-center\">Comment fonctionnent-elles ?<\/h2>\n\n\n<div class=\"wp-block-image is-style-default\">\n<figure class=\"alignleft size-full is-resized\"><img loading=\"lazy\" decoding=\"async\" width=\"1000\" height=\"535\" src=\"http:\/\/www.aureliefleurdepeau.com\/wp-content\/uploads\/2022\/11\/front-view-oil-made-from-green-plant-with-copy-space.jpg\" alt=\"\" class=\"wp-image-260\" style=\"width:321px;height:172px\" srcset=\"https:\/\/www.aureliefleurdepeau.com\/wp-content\/uploads\/2022\/11\/front-view-oil-made-from-green-plant-with-copy-space.jpg 1000w, https:\/\/www.aureliefleurdepeau.com\/wp-content\/uploads\/2022\/11\/front-view-oil-made-from-green-plant-with-copy-space-300x161.jpg 300w, https:\/\/www.aureliefleurdepeau.com\/wp-content\/uploads\/2022\/11\/front-view-oil-made-from-green-plant-with-copy-space-768x411.jpg 768w\" sizes=\"auto, (max-width: 1000px) 100vw, 1000px\" \/><\/figure>\n<\/div>\n\n\n<p>Extraits liquides de fleurs sauvages, les fleurs de Bach transforment vos \u00e9motions n\u00e9gatives en \u00e9motions positives, en apportant la vertu qui vous fait d\u00e9faut..<br>La relation entre les fleurs et vous se situe \u00e0 un niveau subtil, d&rsquo;ordre vibratoire<br>C&rsquo;est ainsi que le Dr Bach d\u00e9crivait l&rsquo;action des Elixirs floraux :<br><br>\u00ab\u00a0Les fleurs agissent en \u00e9levant nos vibrations et en ouvrant nos voies de r\u00e9ception \u00e0 notre moi spirituel; en inondant notre \u00eatre de la vertu exacte dont nous avons besoin&#8230;\u00a0\u00bb<br>Gr\u00e2ce aux fleurs, nous allons du visible vers l&rsquo;invisible, du conscient vers l&rsquo;inconscient.<br>Tel un petit oignon, de couche en couche, elles vous aident \u00e0 vous rapprocher de vous dans l&rsquo;harmonie, le tout en douceur et \u00e0 votre rythme.<\/p>\n","protected":false},"excerpt":{"rendered":"<p>Dans quels cas utiliser les Fleurs de Bach ? R\u00e9pertori\u00e9es au nombre de 38, les fleurs de Bach r\u00e9pondent \u00e0 tous vos besoins \u00e9motionnels.Qu&rsquo;ils s&rsquo;utilisent de mani\u00e8re ponctuelle ou curative, ces Elixirs sont un merveilleux outil pour d\u00e9passer des phases de vie difficiles mais sont aussi un outil de d\u00e9veloppement [&hellip;]<\/p>\n","protected":false},"author":1,"featured_media":0,"parent":0,"menu_order":0,"comment_status":"closed","ping_status":"closed","template":"","meta":{"_ti_tpc_template_sync":false,"_ti_tpc_template_id":"","footnotes":""},"class_list":["post-403","page","type-page","status-publish","hentry"],"_links":{"self":[{"href":"https:\/\/www.aureliefleurdepeau.com\/index.php\/wp-json\/wp\/v2\/pages\/403","targetHints":{"allow":["GET"]}}],"collection":[{"href":"https:\/\/www.aureliefleurdepeau.com\/index.php\/wp-json\/wp\/v2\/pages"}],"about":[{"href":"https:\/\/www.aureliefleurdepeau.com\/index.php\/wp-json\/wp\/v2\/types\/page"}],"author":[{"embeddable":true,"href":"https:\/\/www.aureliefleurdepeau.com\/index.php\/wp-json\/wp\/v2\/users\/1"}],"replies":[{"embeddable":true,"href":"https:\/\/www.aureliefleurdepeau.com\/index.php\/wp-json\/wp\/v2\/comments?post=403"}],"version-history":[{"count":8,"href":"https:\/\/www.aureliefleurdepeau.com\/index.php\/wp-json\/wp\/v2\/pages\/403\/revisions"}],"predecessor-version":[{"id":645,"href":"https:\/\/www.aureliefleurdepeau.com\/index.php\/wp-json\/wp\/v2\/pages\/403\/revisions\/645"}],"wp:attachment":[{"href":"https:\/\/www.aureliefleurdepeau.com\/index.php\/wp-json\/wp\/v2\/media?parent=403"}],"curies":[{"name":"wp","href":"https:\/\/api.w.org\/{rel}","templated":true}]}}