{"id":405,"date":"2022-12-03T16:18:54","date_gmt":"2022-12-03T15:18:54","guid":{"rendered":"http:\/\/www.aureliefleurdepeau.com\/?page_id=405"},"modified":"2022-12-10T08:38:18","modified_gmt":"2022-12-10T07:38:18","slug":"mon-role-de-conseillere","status":"publish","type":"page","link":"https:\/\/www.aureliefleurdepeau.com\/index.php\/mon-role-de-conseillere\/","title":{"rendered":"Mon r\u00f4le de conseill\u00e8re"},"content":{"rendered":"\n<h2 class=\"has-text-align-center wp-block-heading\">Mon r\u00f4le en tant que Conseill\u00e8re Fleurs de Bach<\/h2>\n\n\n<div class=\"wp-block-image is-style-default\">\n<figure class=\"alignright size-full is-resized\"><img loading=\"lazy\" decoding=\"async\" src=\"http:\/\/www.aureliefleurdepeau.com\/wp-content\/uploads\/2022\/11\/drop-of-oil-dripping-from-pipette-into-bottle-of-essential-oil.jpg\" alt=\"\" class=\"wp-image-262\" width=\"167\" height=\"250\" srcset=\"https:\/\/www.aureliefleurdepeau.com\/wp-content\/uploads\/2022\/11\/drop-of-oil-dripping-from-pipette-into-bottle-of-essential-oil.jpg 667w, https:\/\/www.aureliefleurdepeau.com\/wp-content\/uploads\/2022\/11\/drop-of-oil-dripping-from-pipette-into-bottle-of-essential-oil-200x300.jpg 200w\" sizes=\"auto, (max-width: 167px) 100vw, 167px\" \/><\/figure>\n<\/div>\n\n\n<p>Nous sommes pr\u00e9s de 50% \u00e0 \u00e9prouver de la difficult\u00e9 \u00e0 identifier ce que nous ressentons.<br>Dans notre soci\u00e9t\u00e9, les \u00e9motions sont souvent v\u00e9cues comme une faiblesse.<br>Le r\u00e9flexe de chercher \u00e0 les contr\u00f4ler ou les refouler est une erreur car chaque \u00e9motion trouvera le moyen de sortir autrement (mal \u00e0 dit = maladie).<br>Mon r\u00f4le est de vous aider \u00e0 accueillir et d\u00e9coder vos \u00e9motions, afin qu&rsquo;elles puissent se transformer en levier.<br>C&rsquo;est gr\u00e2ce \u00e0 ma connaissance des fleurs que je vous accompagne vers une autonomie de votre bien-\u00eatre.<\/p>\n\n\n\n<hr class=\"wp-block-separator has-alpha-channel-opacity\"\/>\n\n\n\n<h2 class=\"has-text-align-center wp-block-heading\">Comment se passe un entretien Fleurs de Bach ?<\/h2>\n\n\n\n<p>Lors d&rsquo;une s\u00e9ance, nous abordons ensemble les points sur lesquels vous souhaitez \u00ab\u00a0travailler\u00a0\u00bb, et vos objectifs \u00e0 atteindre. Pour ce faire, nous nous int\u00e9ressons davantage au \u00ab\u00a0Comment\u00a0\u00bb plut\u00f4t qu&rsquo;au \u00ab\u00a0Pourquoi\u00a0\u00bb.<br>La qualit\u00e9 de notre \u00e9change est essentielle pour reconnaitre vos \u00e9motions et identifier les fleurs (1 \u00e0 7 maximum), r\u00e9pondant \u00e0 vos besoins du moment.<br>Une fois pr\u00e9sent\u00e9es, je vous demande de valider les fleurs que je vous ai propos\u00e9es.<br>C&rsquo;est ensuite que nous proc\u00e9dons \u00e0 la pr\u00e9paration de votre Elixir, lequel vous est offert.<br>Il est conseill\u00e9 de prendre votre m\u00e9lange au minimum 3 semaines.<br>A la s\u00e9ance suivante, nous faisons un point pour ajuster votre pr\u00e9paration jusqu&rsquo;\u00e0 ce que l&rsquo;\u00e9quilibre soit revenu.<\/p>\n\n\n\n<hr class=\"wp-block-separator has-alpha-channel-opacity\"\/>\n\n\n\n<h2 class=\"has-text-align-center wp-block-heading\">Comment prendre les fleurs de Bach?<\/h2>\n\n\n\n<p>La bonne prise des fleurs est d\u00e9terminante pour pouvoir observer leur efficacit\u00e9.<\/p>\n\n\n\n<p class=\"has-background-color-background-color has-background\"><strong>La posologie :<\/strong>  2 pulv\u00e9risations du m\u00e9lange au moins 4 fois par jour sont n\u00e9cessaires,\u00a0davantage si l\u2019on en ressent le besoin.<\/p>\n\n\n\n<p>Pour les \u00e9motions passag\u00e8res, les effets peuvent se faire sentir rapidement.<\/p>\n\n\n\n<p>Pour les \u00e9motions perturbatrices install\u00e9es depuis longtemps, plusieurs s\u00e9ances sont en g\u00e9n\u00e9ral n\u00e9cessaires pour observer et ancrer le changement.<\/p>\n","protected":false},"excerpt":{"rendered":"<p>Mon r\u00f4le en tant que Conseill\u00e8re Fleurs de Bach Nous sommes pr\u00e9s de 50% \u00e0 \u00e9prouver de la difficult\u00e9 \u00e0 identifier ce que nous ressentons.Dans notre soci\u00e9t\u00e9, les \u00e9motions sont souvent v\u00e9cues comme une faiblesse.Le r\u00e9flexe de chercher \u00e0 les contr\u00f4ler ou les refouler est une erreur car chaque \u00e9motion [&hellip;]<\/p>\n","protected":false},"author":1,"featured_media":0,"parent":0,"menu_order":0,"comment_status":"closed","ping_status":"closed","template":"","meta":{"_ti_tpc_template_sync":false,"_ti_tpc_template_id":"","footnotes":""},"class_list":["post-405","page","type-page","status-publish","hentry"],"_links":{"self":[{"href":"https:\/\/www.aureliefleurdepeau.com\/index.php\/wp-json\/wp\/v2\/pages\/405","targetHints":{"allow":["GET"]}}],"collection":[{"href":"https:\/\/www.aureliefleurdepeau.com\/index.php\/wp-json\/wp\/v2\/pages"}],"about":[{"href":"https:\/\/www.aureliefleurdepeau.com\/index.php\/wp-json\/wp\/v2\/types\/page"}],"author":[{"embeddable":true,"href":"https:\/\/www.aureliefleurdepeau.com\/index.php\/wp-json\/wp\/v2\/users\/1"}],"replies":[{"embeddable":true,"href":"https:\/\/www.aureliefleurdepeau.com\/index.php\/wp-json\/wp\/v2\/comments?post=405"}],"version-history":[{"count":11,"href":"https:\/\/www.aureliefleurdepeau.com\/index.php\/wp-json\/wp\/v2\/pages\/405\/revisions"}],"predecessor-version":[{"id":524,"href":"https:\/\/www.aureliefleurdepeau.com\/index.php\/wp-json\/wp\/v2\/pages\/405\/revisions\/524"}],"wp:attachment":[{"href":"https:\/\/www.aureliefleurdepeau.com\/index.php\/wp-json\/wp\/v2\/media?parent=405"}],"curies":[{"name":"wp","href":"https:\/\/api.w.org\/{rel}","templated":true}]}}