{"id":407,"date":"2022-12-03T16:22:44","date_gmt":"2022-12-03T15:22:44","guid":{"rendered":"http:\/\/www.aureliefleurdepeau.com\/?page_id=407"},"modified":"2023-11-02T15:11:56","modified_gmt":"2023-11-02T14:11:56","slug":"en-connaitre-davantage","status":"publish","type":"page","link":"https:\/\/www.aureliefleurdepeau.com\/index.php\/en-connaitre-davantage\/","title":{"rendered":"En conna\u00eetre davantage sur les fleurs de Bach"},"content":{"rendered":"\n<h2 class=\"wp-block-heading has-text-align-center\">Le Dr Bach, \u00e0 l\u2019origine de la Florath\u00e9rapie (1886-1936)<\/h2>\n\n\n<div class=\"wp-block-image is-style-default\">\n<figure class=\"alignleft size-full is-resized\"><img loading=\"lazy\" decoding=\"async\" width=\"236\" height=\"347\" src=\"http:\/\/www.aureliefleurdepeau.com\/wp-content\/uploads\/2022\/11\/D-BACH-edited.png\" alt=\"\" class=\"wp-image-267\" style=\"width:159px\" srcset=\"https:\/\/www.aureliefleurdepeau.com\/wp-content\/uploads\/2022\/11\/D-BACH-edited.png 236w, https:\/\/www.aureliefleurdepeau.com\/wp-content\/uploads\/2022\/11\/D-BACH-edited-204x300.png 204w\" sizes=\"auto, (max-width: 236px) 100vw, 236px\" \/><\/figure>\n<\/div>\n\n\n<p>M\u00e9decin anglais, de grande renomm\u00e9e, le Dr Bach observe que les \u00e9motions ont un impact sur le mental et le physique.<br>Pr\u00e9f\u00e9rant soigner le malade plut\u00f4t que la maladie. il tourne le dos \u00e0 une carri\u00e8re acad\u00e9mique brillante pour suivre son intuition et se rapproche de la Nature.<br>Tr\u00e8s intuitif, il d\u00e9couvre 38 fleurs qui transmutent nos \u00e9motions n\u00e9gatives, en r\u00e9v\u00e9lant nos qualit\u00e9s.<br>Le Dr Bach r\u00e9pertorie 38 \u00e9tats d&rsquo;\u00e2me n\u00e9gatifs auxquels il associera 38 correspondances florales.<\/p>\n\n\n\n<hr class=\"wp-block-separator has-alpha-channel-opacity\"\/>\n\n\n\n<h2 class=\"wp-block-heading has-text-align-center\">Mode de fabrication des Fleurs de Bach<\/h2>\n\n\n\n<p>1) Le processus de solarisation : pour cette extraction, les fleurs sont dispos\u00e9es dans des bols qui sont plac\u00e9s 3 heures en plein soleil ;<br>2) Le processus d\u2019\u00e9bullition : l\u2019eau dans laquelle reposent les fleurs est chauff\u00e9e jusqu\u2019\u00e0 obtenir un l\u00e9ger fr\u00e9missement.<br><br>Les solutions, une fois filtr\u00e9es, sont dilu\u00e9es \u00e0 50 % avec de l&rsquo;alcool de Brandy destin\u00e9 \u00e0 assurer la conservation, produisant ainsi une sorte de \u00ab\u00a0teinture-m\u00e8re \u00ab\u00a0.<br>Cette derni\u00e8re est ensuite \u00e0 nouveau dilu\u00e9e (2 gouttes de la teinture-m\u00e8re dilu\u00e9e dans de l\u2019alcool de raisin \u00e0 27 %) pour \u00eatre commercialis\u00e9e sous la forme des Fleurs de Bach\u00ae<\/p>\n\n\n\n<hr class=\"wp-block-separator has-alpha-channel-opacity\"\/>\n\n\n\n<h2 class=\"wp-block-heading has-text-align-center\">Les fleurs de Bach, un syt\u00e8me s\u00fbr<\/h2>\n\n\n<div class=\"wp-block-image is-style-default\">\n<figure class=\"alignright size-large is-resized\"><img loading=\"lazy\" decoding=\"async\" width=\"1024\" height=\"712\" src=\"https:\/\/www.aureliefleurdepeau.com\/wp-content\/uploads\/2023\/11\/fioles-3-1024x712.jpeg\" alt=\"fioles fleurs de bach\" class=\"wp-image-642\" style=\"width:304px;height:171px\" srcset=\"https:\/\/www.aureliefleurdepeau.com\/wp-content\/uploads\/2023\/11\/fioles-3-1024x712.jpeg 1024w, https:\/\/www.aureliefleurdepeau.com\/wp-content\/uploads\/2023\/11\/fioles-3-300x209.jpeg 300w, https:\/\/www.aureliefleurdepeau.com\/wp-content\/uploads\/2023\/11\/fioles-3-768x534.jpeg 768w, https:\/\/www.aureliefleurdepeau.com\/wp-content\/uploads\/2023\/11\/fioles-3-1536x1068.jpeg 1536w, https:\/\/www.aureliefleurdepeau.com\/wp-content\/uploads\/2023\/11\/fioles-3-2048x1424.jpeg 2048w\" sizes=\"auto, (max-width: 1024px) 100vw, 1024px\" \/><\/figure>\n<\/div>\n\n\n<p>Les Fleurs de Bach sont 100% naturelles. Elles peuvent \u00eatre utilis\u00e9es sur les adultes comme sur les enfants, ainsi que sur les animaux<br>Elles sont sans contre-indication, ni aucun risque de d\u00e9pendance, et peuvent \u00eatre prises en parall\u00e8le de traitement m\u00e9dicamenteux sans aucune interaction<\/p>\n\n\n\n<ul class=\"has-navbar-text-color-color has-background-color-background-color has-text-color has-background wp-block-list\">\n<li>Le Conseiller Fleurs de Bach n&rsquo;est ni M\u00e9decin, ni psychologue.<\/li>\n\n\n\n<li>Les \u00e9lixirs du Dr Bach ne se substituent en aucun cas \u00e0 la m\u00e9decine et aux conseils d&rsquo;un m\u00e9decin.<\/li>\n\n\n\n<li>Le conseiller en Fleurs de Bach ne remettra jamais en cause un diagnostic m\u00e9dical.<\/li>\n<\/ul>\n\n\n\n<hr class=\"wp-block-separator has-alpha-channel-opacity\"\/>\n\n\n\n<h2 class=\"wp-block-heading has-text-align-center\">Les 7 Groupes des familles et les 38 fleurs de Bach class\u00e9es selon le Dr Bach<\/h2>\n\n\n\n<ul class=\"wp-block-list\">\n<li>1) La Peur (Aspen, Cherry Plum, Mimulus, Red Chesnut, Rock Rose)<br><\/li>\n\n\n\n<li>2) L&rsquo;incertitude (Cerato, Gentian, Gorse, Hornbeam, Scleranthus, Wild Oat)<br><\/li>\n\n\n\n<li>3) Le manque d&rsquo;int\u00e9r\u00eat pour le pr\u00e9sent (chesnut bud, Clematis, Honeysuckle, Mustard, Olive, White Chesnut, Wild Rose)<br><\/li>\n\n\n\n<li>4) La Solitude (Heather, Impatiens, Water Violet)<br><\/li>\n\n\n\n<li>5) L&rsquo;hypersensibilit\u00e9 aux influences et id\u00e9es d&rsquo;autrui (Agrimony, Centaury, Holly, Walnut)<br><\/li>\n\n\n\n<li>6) L&rsquo;Abattement et le d\u00e9sespoir (Crab apple, Elm, Larch, Oak, Pine, Star of Bethlehem, Sweet Chesnut, Willow)<br><\/li>\n\n\n\n<li>7) Soucis excessif du bien d&rsquo;autrui (Beech, Chicory, Rock Water, Vervain, Vine)<\/li>\n<\/ul>\n\n\n\n<p><\/p>\n","protected":false},"excerpt":{"rendered":"<p>Le Dr Bach, \u00e0 l\u2019origine de la Florath\u00e9rapie (1886-1936) M\u00e9decin anglais, de grande renomm\u00e9e, le Dr Bach observe que les \u00e9motions ont un impact sur le mental et le physique.Pr\u00e9f\u00e9rant soigner le malade plut\u00f4t que la maladie. il tourne le dos \u00e0 une carri\u00e8re acad\u00e9mique brillante pour suivre son intuition [&hellip;]<\/p>\n","protected":false},"author":1,"featured_media":0,"parent":0,"menu_order":0,"comment_status":"closed","ping_status":"closed","template":"","meta":{"_ti_tpc_template_sync":false,"_ti_tpc_template_id":"","footnotes":""},"class_list":["post-407","page","type-page","status-publish","hentry"],"_links":{"self":[{"href":"https:\/\/www.aureliefleurdepeau.com\/index.php\/wp-json\/wp\/v2\/pages\/407","targetHints":{"allow":["GET"]}}],"collection":[{"href":"https:\/\/www.aureliefleurdepeau.com\/index.php\/wp-json\/wp\/v2\/pages"}],"about":[{"href":"https:\/\/www.aureliefleurdepeau.com\/index.php\/wp-json\/wp\/v2\/types\/page"}],"author":[{"embeddable":true,"href":"https:\/\/www.aureliefleurdepeau.com\/index.php\/wp-json\/wp\/v2\/users\/1"}],"replies":[{"embeddable":true,"href":"https:\/\/www.aureliefleurdepeau.com\/index.php\/wp-json\/wp\/v2\/comments?post=407"}],"version-history":[{"count":9,"href":"https:\/\/www.aureliefleurdepeau.com\/index.php\/wp-json\/wp\/v2\/pages\/407\/revisions"}],"predecessor-version":[{"id":643,"href":"https:\/\/www.aureliefleurdepeau.com\/index.php\/wp-json\/wp\/v2\/pages\/407\/revisions\/643"}],"wp:attachment":[{"href":"https:\/\/www.aureliefleurdepeau.com\/index.php\/wp-json\/wp\/v2\/media?parent=407"}],"curies":[{"name":"wp","href":"https:\/\/api.w.org\/{rel}","templated":true}]}}