{"id":462,"date":"2022-12-04T08:39:47","date_gmt":"2022-12-04T07:39:47","guid":{"rendered":"http:\/\/www.aureliefleurdepeau.com\/?page_id=462"},"modified":"2022-12-04T08:39:47","modified_gmt":"2022-12-04T07:39:47","slug":"les-bienfaits-de-la-reflexologie-plantaire","status":"publish","type":"page","link":"https:\/\/www.aureliefleurdepeau.com\/index.php\/les-bienfaits-de-la-reflexologie-plantaire\/","title":{"rendered":"Les bienfaits de la R\u00e9flexologie plantaire"},"content":{"rendered":"<div class=\"wp-block-image\">\n<figure class=\"alignleft size-full is-resized\"><img loading=\"lazy\" decoding=\"async\" src=\"http:\/\/www.aureliefleurdepeau.com\/wp-content\/uploads\/2022\/11\/woman-getting-foot-massage.jpg\" alt=\"S\u00e9ance de R\u00e9flexologie plantaire\" class=\"wp-image-253\" width=\"250\" height=\"167\" srcset=\"https:\/\/www.aureliefleurdepeau.com\/wp-content\/uploads\/2022\/11\/woman-getting-foot-massage.jpg 1000w, https:\/\/www.aureliefleurdepeau.com\/wp-content\/uploads\/2022\/11\/woman-getting-foot-massage-300x200.jpg 300w, https:\/\/www.aureliefleurdepeau.com\/wp-content\/uploads\/2022\/11\/woman-getting-foot-massage-768x511.jpg 768w, https:\/\/www.aureliefleurdepeau.com\/wp-content\/uploads\/2022\/11\/woman-getting-foot-massage-360x240.jpg 360w\" sizes=\"auto, (max-width: 250px) 100vw, 250px\" \/><\/figure>\n<\/div>\n\n\n<p>V\u00e9ritable s\u00e9ance de relaxation, la r\u00e9flexologie plantaire vous aidera \u00e0 vous soulager des maux de la vie quotidienne comme le stress, la fatigue, le surmenage, le mal de dos, les maux de t\u00eate, les troubles digestifs et menstruels, la constipation, les troubles du sommeil, la difficult\u00e9 \u00e0 l\u00e2cher prise.<\/p>\n\n\n\n<p>Elle permet d&rsquo;activer le circulation sanguine et lymphatique.<\/p>\n\n\n\n<p>C&rsquo;est aussi un moyen de vous reconnecter \u00e0 vous, de retrouver l&rsquo;harmonie entre votre corps et votre esprit.<\/p>\n\n\n\n<p class=\"has-background-color-background-color has-background\">Puissante et r\u00e9-\u00e9quilibrante, la r\u00e9flexologie plantaire permet \u00e0 l&rsquo;\u00e9nergie vitale de circuler sans entrave dans tout l\u2019organisme, favorisant l&rsquo;autogu\u00e9rison.<\/p>\n","protected":false},"excerpt":{"rendered":"<p>V\u00e9ritable s\u00e9ance de relaxation, la r\u00e9flexologie plantaire vous aidera \u00e0 vous soulager des maux de la vie quotidienne comme le stress, la fatigue, le surmenage, le mal de dos, les maux de t\u00eate, les troubles digestifs et menstruels, la constipation, les troubles du sommeil, la difficult\u00e9 \u00e0 l\u00e2cher prise. Elle [&hellip;]<\/p>\n","protected":false},"author":1,"featured_media":0,"parent":0,"menu_order":0,"comment_status":"closed","ping_status":"closed","template":"","meta":{"_ti_tpc_template_sync":false,"_ti_tpc_template_id":"","footnotes":""},"class_list":["post-462","page","type-page","status-publish","hentry"],"_links":{"self":[{"href":"https:\/\/www.aureliefleurdepeau.com\/index.php\/wp-json\/wp\/v2\/pages\/462","targetHints":{"allow":["GET"]}}],"collection":[{"href":"https:\/\/www.aureliefleurdepeau.com\/index.php\/wp-json\/wp\/v2\/pages"}],"about":[{"href":"https:\/\/www.aureliefleurdepeau.com\/index.php\/wp-json\/wp\/v2\/types\/page"}],"author":[{"embeddable":true,"href":"https:\/\/www.aureliefleurdepeau.com\/index.php\/wp-json\/wp\/v2\/users\/1"}],"replies":[{"embeddable":true,"href":"https:\/\/www.aureliefleurdepeau.com\/index.php\/wp-json\/wp\/v2\/comments?post=462"}],"version-history":[{"count":1,"href":"https:\/\/www.aureliefleurdepeau.com\/index.php\/wp-json\/wp\/v2\/pages\/462\/revisions"}],"predecessor-version":[{"id":463,"href":"https:\/\/www.aureliefleurdepeau.com\/index.php\/wp-json\/wp\/v2\/pages\/462\/revisions\/463"}],"wp:attachment":[{"href":"https:\/\/www.aureliefleurdepeau.com\/index.php\/wp-json\/wp\/v2\/media?parent=462"}],"curies":[{"name":"wp","href":"https:\/\/api.w.org\/{rel}","templated":true}]}}