{"id":464,"date":"2022-12-04T08:43:12","date_gmt":"2022-12-04T07:43:12","guid":{"rendered":"http:\/\/www.aureliefleurdepeau.com\/?page_id=464"},"modified":"2023-11-02T14:36:07","modified_gmt":"2023-11-02T13:36:07","slug":"deroulement-dune-seance-de-reflexologie-plantaire","status":"publish","type":"page","link":"https:\/\/www.aureliefleurdepeau.com\/index.php\/deroulement-dune-seance-de-reflexologie-plantaire\/","title":{"rendered":"D\u00e9roulement d&rsquo;une s\u00e9ance de R\u00e9flexologie plantaire"},"content":{"rendered":"<div class=\"wp-block-image\">\n<figure class=\"alignright size-medium\"><img loading=\"lazy\" decoding=\"async\" width=\"300\" height=\"250\" src=\"https:\/\/www.aureliefleurdepeau.com\/wp-content\/uploads\/2023\/11\/aurelie-reflexo-2-carre-1-300x250.png\" alt=\"\" class=\"wp-image-624\" srcset=\"https:\/\/www.aureliefleurdepeau.com\/wp-content\/uploads\/2023\/11\/aurelie-reflexo-2-carre-1-300x250.png 300w, https:\/\/www.aureliefleurdepeau.com\/wp-content\/uploads\/2023\/11\/aurelie-reflexo-2-carre-1.png 567w\" sizes=\"auto, (max-width: 300px) 100vw, 300px\" \/><\/figure>\n<\/div>\n\n\n<p>Lors de votre premi\u00e8re s\u00e9ance, nous commen\u00e7ons par un entretien pour connaitre votre mode de vie, vos \u00e9ventuels ant\u00e9c\u00e9dents m\u00e9dicaux et d\u00e9sordres fonctionnels, et cibler au mieux vos attentes.<\/p>\n\n\n\n<p>Ensuite, d\u00e9bute le massage des pieds.<\/p>\n\n\n\n<p>Je pratique diff\u00e9rentes techniques de massage et d&rsquo;acupression sur l&rsquo;ensemble de vos pieds. C&rsquo;est par stimulation des zones r\u00e9flexes, que la r\u00e9flexologie plantaire va lib\u00e9rer vos blocages et tensions tant au niveau physique que mental et \u00e9motionnel.<\/p>\n\n\n\n<p>Durant la s\u00e9ance, je reste \u00e0 l&rsquo;\u00e9coute de vos sensations.<\/p>\n\n\n\n<p>Je fais toujours en sorte que la s\u00e9ance soit agr\u00e9able pour vous, les zones \u00e0 travailler pouvant parfois \u00eatre douloureuses.<\/p>\n\n\n\n<p>Apr\u00e8s la s\u00e9ance, les effets b\u00e9n\u00e9fiques se font sentir assez rapidement.<\/p>\n\n\n\n<p>Vous pouvez ressentir une sensation de chaleur dans les pieds, qui sont plus l\u00e9gers, plus souples et \u00e9prouver une sensation de bien-\u00eatre, de rel\u00e2chement ou de vitalit\u00e9.<\/p>\n\n\n\n<p>Il arrive parfois que les tensions remontent \u00e0 la surface avant d&rsquo;\u00eatre \u00e9limin\u00e9es, cela ne dure jamais plus que quelques jours.<\/p>\n\n\n\n<p>C\u2019est le corps qui s\u2019exprime et \u00e9limine les toxines.<\/p>\n\n\n\n<ul class=\"has-background-color-background-color has-background wp-block-list\">\n<li>Tr\u00e8s efficace, la r\u00e9flexologie plantaire est contre-indiqu\u00e9e pour les personnes souffrant de probl\u00e8mes cardiaques, phl\u00e9bite, thrombose, ainsi que pendant les d\u00e9buts de grossesse.<\/li>\n<\/ul>\n","protected":false},"excerpt":{"rendered":"<p>Lors de votre premi\u00e8re s\u00e9ance, nous commen\u00e7ons par un entretien pour connaitre votre mode de vie, vos \u00e9ventuels ant\u00e9c\u00e9dents m\u00e9dicaux et d\u00e9sordres fonctionnels, et cibler au mieux vos attentes. Ensuite, d\u00e9bute le massage des pieds. Je pratique diff\u00e9rentes techniques de massage et d&rsquo;acupression sur l&rsquo;ensemble de vos pieds. C&rsquo;est par [&hellip;]<\/p>\n","protected":false},"author":1,"featured_media":0,"parent":0,"menu_order":0,"comment_status":"closed","ping_status":"closed","template":"","meta":{"_ti_tpc_template_sync":false,"_ti_tpc_template_id":"","footnotes":""},"class_list":["post-464","page","type-page","status-publish","hentry"],"_links":{"self":[{"href":"https:\/\/www.aureliefleurdepeau.com\/index.php\/wp-json\/wp\/v2\/pages\/464","targetHints":{"allow":["GET"]}}],"collection":[{"href":"https:\/\/www.aureliefleurdepeau.com\/index.php\/wp-json\/wp\/v2\/pages"}],"about":[{"href":"https:\/\/www.aureliefleurdepeau.com\/index.php\/wp-json\/wp\/v2\/types\/page"}],"author":[{"embeddable":true,"href":"https:\/\/www.aureliefleurdepeau.com\/index.php\/wp-json\/wp\/v2\/users\/1"}],"replies":[{"embeddable":true,"href":"https:\/\/www.aureliefleurdepeau.com\/index.php\/wp-json\/wp\/v2\/comments?post=464"}],"version-history":[{"count":4,"href":"https:\/\/www.aureliefleurdepeau.com\/index.php\/wp-json\/wp\/v2\/pages\/464\/revisions"}],"predecessor-version":[{"id":625,"href":"https:\/\/www.aureliefleurdepeau.com\/index.php\/wp-json\/wp\/v2\/pages\/464\/revisions\/625"}],"wp:attachment":[{"href":"https:\/\/www.aureliefleurdepeau.com\/index.php\/wp-json\/wp\/v2\/media?parent=464"}],"curies":[{"name":"wp","href":"https:\/\/api.w.org\/{rel}","templated":true}]}}