{"id":466,"date":"2022-12-04T08:51:01","date_gmt":"2022-12-04T07:51:01","guid":{"rendered":"http:\/\/www.aureliefleurdepeau.com\/?page_id=466"},"modified":"2023-11-02T15:07:25","modified_gmt":"2023-11-02T14:07:25","slug":"lorigine-de-la-reflexologie-plantaire","status":"publish","type":"page","link":"https:\/\/www.aureliefleurdepeau.com\/index.php\/lorigine-de-la-reflexologie-plantaire\/","title":{"rendered":"Le fonctionnement et l&rsquo;origine de la r\u00e9flexologie plantaire"},"content":{"rendered":"\n<h2 class=\"wp-block-heading has-text-align-center\">Comment fonctionne la r\u00e9flexologie plantaire ?<\/h2>\n\n\n\n<p>Chaque pied est compos\u00e9 de 7 200 terminaisons nerveuses et pr\u00e8s de 85 points r\u00e9flexes.<\/p>\n\n\n\n<p>Le pied est une repr\u00e9sentation du corps humain, o\u00f9 chaque zone correspond \u00e0 un organe ou une partie du corps.<\/p>\n\n\n\n<p>Le R\u00e9flexologue exerce des pressions sur les zones r\u00e9flexes du pied, cr\u00e9ant des impulsions (stimuli), lesquelles agissent sur le syst\u00e8me nerveux autonome qui contr\u00f4le le fonctionnement neurov\u00e9g\u00e9tatif des organes, des muscles et des glandes, d\u00e9clenchant ainsi une r\u00e9action.<\/p>\n\n\n\n<p>La tension \u00e0 l\u2019int\u00e9rieur du corps se lib\u00e8re et l\u2019\u00e9nergie vitale est r\u00e9tablie, redonnant ainsi au corps son pouvoir d\u2019auto-gu\u00e9rison.<\/p>\n\n\n\n<h2 class=\"wp-block-heading has-text-align-center\">L&rsquo;origine de la r\u00e9flexologie plantaire<\/h2>\n\n\n\n<p>L&rsquo;origine de la r\u00e9flexologie plantaire remonterait aux Incas, tr\u00e8s ancienne civilisation du P\u00e9rou, au 13\u00e8me si\u00e8cle.<\/p>\n\n\n<div class=\"wp-block-image is-style-default\">\n<figure class=\"alignright size-medium\"><img loading=\"lazy\" decoding=\"async\" width=\"300\" height=\"209\" src=\"https:\/\/www.aureliefleurdepeau.com\/wp-content\/uploads\/2023\/11\/Carte-pied-300x209.png\" alt=\"carte pied reflexologie plantaire\" class=\"wp-image-640\" srcset=\"https:\/\/www.aureliefleurdepeau.com\/wp-content\/uploads\/2023\/11\/Carte-pied-300x209.png 300w, https:\/\/www.aureliefleurdepeau.com\/wp-content\/uploads\/2023\/11\/Carte-pied.png 733w\" sizes=\"auto, (max-width: 300px) 100vw, 300px\" \/><\/figure>\n<\/div>\n\n\n<p>Elle est pratiqu\u00e9e \u00e0 titre pr\u00e9ventif et curatif en Chine depuis plus de 5000 ans.<\/p>\n\n\n\n<p>Au d\u00e9but du XXe si\u00e8cle, le docteur ORL am\u00e9ricain William Fitzgerald , d\u00e9couvre l\u2019effet anesth\u00e9siant obtenu dans des parties du corps en exer\u00e7ant une pression sur certaines parties des pieds et des mains<\/p>\n\n\n\n<p>(Th\u00e9rapie des zones r\u00e9flexes).<\/p>\n\n\n\n<p>Eunice Ingham (1879-1974), alors infirmi\u00e8re physioth\u00e9rapeute am\u00e9ricaine, d\u00e9couvre la th\u00e9rapie des zones r\u00e9flexes. Fascin\u00e9e par les r\u00e9sultats, elle consacre la suite de sa carri\u00e8re \u00e0 la r\u00e9flexologie plantaire.<\/p>\n\n\n\n<p>En r\u00e9v\u00e9lant des liens plus pr\u00e9cis entre des points r\u00e9flexes sur la plante des pieds et leurs parties correspondantes dans le reste du corps, elle est \u00e0 l\u2019origine de la r\u00e9flexologie plantaire telle qu&rsquo;elle est pratiqu\u00e9e aujourd\u2019hui en Occident.<\/p>\n","protected":false},"excerpt":{"rendered":"<p>Comment fonctionne la r\u00e9flexologie plantaire ? Chaque pied est compos\u00e9 de 7 200 terminaisons nerveuses et pr\u00e8s de 85 points r\u00e9flexes. Le pied est une repr\u00e9sentation du corps humain, o\u00f9 chaque zone correspond \u00e0 un organe ou une partie du corps. Le R\u00e9flexologue exerce des pressions sur les zones r\u00e9flexes [&hellip;]<\/p>\n","protected":false},"author":1,"featured_media":0,"parent":0,"menu_order":0,"comment_status":"closed","ping_status":"closed","template":"","meta":{"_ti_tpc_template_sync":false,"_ti_tpc_template_id":"","footnotes":""},"class_list":["post-466","page","type-page","status-publish","hentry"],"_links":{"self":[{"href":"https:\/\/www.aureliefleurdepeau.com\/index.php\/wp-json\/wp\/v2\/pages\/466","targetHints":{"allow":["GET"]}}],"collection":[{"href":"https:\/\/www.aureliefleurdepeau.com\/index.php\/wp-json\/wp\/v2\/pages"}],"about":[{"href":"https:\/\/www.aureliefleurdepeau.com\/index.php\/wp-json\/wp\/v2\/types\/page"}],"author":[{"embeddable":true,"href":"https:\/\/www.aureliefleurdepeau.com\/index.php\/wp-json\/wp\/v2\/users\/1"}],"replies":[{"embeddable":true,"href":"https:\/\/www.aureliefleurdepeau.com\/index.php\/wp-json\/wp\/v2\/comments?post=466"}],"version-history":[{"count":4,"href":"https:\/\/www.aureliefleurdepeau.com\/index.php\/wp-json\/wp\/v2\/pages\/466\/revisions"}],"predecessor-version":[{"id":641,"href":"https:\/\/www.aureliefleurdepeau.com\/index.php\/wp-json\/wp\/v2\/pages\/466\/revisions\/641"}],"wp:attachment":[{"href":"https:\/\/www.aureliefleurdepeau.com\/index.php\/wp-json\/wp\/v2\/media?parent=466"}],"curies":[{"name":"wp","href":"https:\/\/api.w.org\/{rel}","templated":true}]}}