{"id":52,"date":"2022-08-18T15:01:27","date_gmt":"2022-08-18T13:01:27","guid":{"rendered":"http:\/\/www.aureliefleurdepeau.com\/?page_id=52"},"modified":"2022-12-20T16:31:12","modified_gmt":"2022-12-20T15:31:12","slug":"home","status":"publish","type":"page","link":"https:\/\/www.aureliefleurdepeau.com\/","title":{"rendered":"Accueil"},"content":{"rendered":"\n<div class=\"wp-block-cover alignfull is-light hestia-clear-top-padding\" style=\"min-height:971px;aspect-ratio:unset;\"><span aria-hidden=\"true\" class=\"wp-block-cover__background has-white-background-color has-background-dim-100 has-background-dim\"><\/span><div class=\"wp-block-cover__inner-container is-layout-flow wp-block-cover-is-layout-flow\">\n<h2 class=\"has-text-align-center has-text-color wp-block-heading\" style=\"color:#3c4858\">Conseill\u00e8re en Fleurs de Bach et praticienne en R\u00e9flexologie Plantaire<br>\u00e0 Mandelieu la Napoule<\/h2>\n\n\n\n<p class=\"has-text-align-center\"><mark style=\"background-color:rgba(0, 0, 0, 0)\" class=\"has-inline-color has-body-color-color\">Je vous aide \u00e0 retrouver la paix et l&rsquo;harmonie en vous reconnectant \u00e0 votre essence.<\/mark><\/p>\n\n\n\n<h2 class=\"has-text-align-center has-secondary-color has-background-color-background-color has-text-color has-background wp-block-heading\">Des solutions naturelles pour retrouver une harmonie int\u00e9rieure<\/h2>\n\n\n\n<div class=\"wp-block-columns container has-white-background-color has-background has-medium-font-size is-layout-flex wp-container-core-columns-is-layout-9d6595d7 wp-block-columns-is-layout-flex\">\n<div class=\"wp-block-column is-layout-flow wp-block-column-is-layout-flow\">\n<figure class=\"wp-block-gallery aligncenter has-nested-images columns-default is-cropped wp-block-gallery-1 is-layout-flex wp-block-gallery-is-layout-flex\"><div class=\"wp-block-image is-style-default\">\n<figure class=\"aligncenter size-medium\"><a href=\"http:\/\/www.aureliefleurdepeau.com\/index.php\/fleurs-de-bach\/\"><img loading=\"lazy\" decoding=\"async\" width=\"300\" height=\"300\" data-id=\"347\" src=\"http:\/\/www.aureliefleurdepeau.com\/wp-content\/uploads\/2022\/12\/fleursdebach-rond-300x300.png\" alt=\"Fleurs de bach\" class=\"wp-image-347\" srcset=\"https:\/\/www.aureliefleurdepeau.com\/wp-content\/uploads\/2022\/12\/fleursdebach-rond-300x300.png 300w, https:\/\/www.aureliefleurdepeau.com\/wp-content\/uploads\/2022\/12\/fleursdebach-rond-150x150.png 150w, https:\/\/www.aureliefleurdepeau.com\/wp-content\/uploads\/2022\/12\/fleursdebach-rond-768x768.png 768w, https:\/\/www.aureliefleurdepeau.com\/wp-content\/uploads\/2022\/12\/fleursdebach-rond.png 800w\" sizes=\"auto, (max-width: 300px) 100vw, 300px\" \/><\/a><\/figure>\n<\/div><\/figure>\n\n\n\n<hr class=\"wp-block-separator has-alpha-channel-opacity\"\/>\n\n\n\n<h2 class=\"has-text-align-center has-text-color wp-block-heading\" style=\"color:#3c4858;font-size:18px\"><strong><a href=\"http:\/\/www.aureliefleurdepeau.com\/index.php\/fleurs-de-bach\/\">Les fleurs de Bach<\/a><\/strong><\/h2>\n\n\n\n<p class=\"has-text-align-center has-text-color\" style=\"color:#999999;font-size:14px\">Qu&rsquo;il s&rsquo;agisse d&rsquo;un blocage ou d&rsquo;une envie d&rsquo;am\u00e9liorer sa qualit\u00e9 de vie, ses relations, ou encore sa confiance, les fleurs de Bach sont un v\u00e9ritable outil de d\u00e9veloppement personnel qui vous aide \u00e0 faire de vos \u00e9motions des alli\u00e9s.<\/p>\n\n\n\n<hr class=\"wp-block-separator has-alpha-channel-opacity\"\/>\n<\/div>\n\n\n\n<div class=\"wp-block-column is-layout-flow wp-block-column-is-layout-flow\"><div class=\"wp-block-image\">\n<figure class=\"aligncenter size-medium\"><a href=\"http:\/\/www.aureliefleurdepeau.com\/index.php\/reflexologie-plantaire\/\"><img loading=\"lazy\" decoding=\"async\" width=\"300\" height=\"300\" src=\"http:\/\/www.aureliefleurdepeau.com\/wp-content\/uploads\/2022\/12\/reflexologieplantaire-rond-1-300x300.png\" alt=\"Reflexologie plantaire\" class=\"wp-image-349\" srcset=\"https:\/\/www.aureliefleurdepeau.com\/wp-content\/uploads\/2022\/12\/reflexologieplantaire-rond-1-300x300.png 300w, https:\/\/www.aureliefleurdepeau.com\/wp-content\/uploads\/2022\/12\/reflexologieplantaire-rond-1-150x150.png 150w, https:\/\/www.aureliefleurdepeau.com\/wp-content\/uploads\/2022\/12\/reflexologieplantaire-rond-1-768x768.png 768w, https:\/\/www.aureliefleurdepeau.com\/wp-content\/uploads\/2022\/12\/reflexologieplantaire-rond-1.png 800w\" sizes=\"auto, (max-width: 300px) 100vw, 300px\" \/><\/a><\/figure>\n<\/div>\n\n\n<hr class=\"wp-block-separator has-alpha-channel-opacity\"\/>\n\n\n\n<h2 class=\"has-text-align-center has-text-color wp-block-heading\" style=\"color:#3c4858;font-size:18px\"><strong><a href=\"http:\/\/www.aureliefleurdepeau.com\/index.php\/reflexologie-plantaire\/\">La r\u00e9flexologie plantaire<\/a><\/strong><\/h2>\n\n\n\n<p class=\"has-text-align-center has-text-color\" style=\"color:#999999;font-size:14px\">V\u00e9ritable s\u00e9ance de relaxation, la r\u00e9flexologie plantaire soulage des maux de la vie quotidienne comme le stress, la fatigue, le mal de dos, les troubles digestifs, la constipation, les troubles du sommeil, la difficult\u00e9 \u00e0 l\u00e2cher prise.<\/p>\n\n\n\n<hr class=\"wp-block-separator has-alpha-channel-opacity\"\/>\n<\/div>\n<\/div>\n<\/div><\/div>\n\n\n\n<div class=\"wp-block-columns container is-layout-flex wp-container-core-columns-is-layout-9d6595d7 wp-block-columns-is-layout-flex\"><\/div>\n","protected":false},"excerpt":{"rendered":"","protected":false},"author":1,"featured_media":0,"parent":0,"menu_order":0,"comment_status":"closed","ping_status":"closed","template":"","meta":{"_ti_tpc_template_sync":false,"_ti_tpc_template_id":"","footnotes":""},"class_list":["post-52","page","type-page","status-publish","hentry"],"_links":{"self":[{"href":"https:\/\/www.aureliefleurdepeau.com\/index.php\/wp-json\/wp\/v2\/pages\/52","targetHints":{"allow":["GET"]}}],"collection":[{"href":"https:\/\/www.aureliefleurdepeau.com\/index.php\/wp-json\/wp\/v2\/pages"}],"about":[{"href":"https:\/\/www.aureliefleurdepeau.com\/index.php\/wp-json\/wp\/v2\/types\/page"}],"author":[{"embeddable":true,"href":"https:\/\/www.aureliefleurdepeau.com\/index.php\/wp-json\/wp\/v2\/users\/1"}],"replies":[{"embeddable":true,"href":"https:\/\/www.aureliefleurdepeau.com\/index.php\/wp-json\/wp\/v2\/comments?post=52"}],"version-history":[{"count":48,"href":"https:\/\/www.aureliefleurdepeau.com\/index.php\/wp-json\/wp\/v2\/pages\/52\/revisions"}],"predecessor-version":[{"id":557,"href":"https:\/\/www.aureliefleurdepeau.com\/index.php\/wp-json\/wp\/v2\/pages\/52\/revisions\/557"}],"wp:attachment":[{"href":"https:\/\/www.aureliefleurdepeau.com\/index.php\/wp-json\/wp\/v2\/media?parent=52"}],"curies":[{"name":"wp","href":"https:\/\/api.w.org\/{rel}","templated":true}]}}