{"id":579,"date":"2023-08-02T21:38:35","date_gmt":"2023-08-02T19:38:35","guid":{"rendered":"https:\/\/www.aureliefleurdepeau.com\/?page_id=579"},"modified":"2026-02-06T16:41:05","modified_gmt":"2026-02-06T15:41:05","slug":"tarifs","status":"publish","type":"page","link":"https:\/\/www.aureliefleurdepeau.com\/index.php\/tarifs\/","title":{"rendered":"Tarifs"},"content":{"rendered":"\n<h2 class=\"wp-block-heading has-text-align-center\">R\u00e9flexologie Plantaire*<\/h2>\n\n\n\n<p class=\"has-text-align-center\">Adulte : 70 euros la s\u00e9ance<br><br>Enfant -12 ans : 50 euros la s\u00e9ance<\/p>\n\n\n<div class=\"wp-block-image is-resized\">\n<figure class=\"aligncenter size-full\"><img loading=\"lazy\" decoding=\"async\" width=\"800\" height=\"800\" src=\"https:\/\/www.aureliefleurdepeau.com\/wp-content\/uploads\/2022\/12\/seance-reflexo.png\" alt=\"\" class=\"wp-image-480\" style=\"object-fit:cover;width:200px;height:200px\" srcset=\"https:\/\/www.aureliefleurdepeau.com\/wp-content\/uploads\/2022\/12\/seance-reflexo.png 800w, https:\/\/www.aureliefleurdepeau.com\/wp-content\/uploads\/2022\/12\/seance-reflexo-300x300.png 300w, https:\/\/www.aureliefleurdepeau.com\/wp-content\/uploads\/2022\/12\/seance-reflexo-150x150.png 150w, https:\/\/www.aureliefleurdepeau.com\/wp-content\/uploads\/2022\/12\/seance-reflexo-768x768.png 768w\" sizes=\"auto, (max-width: 800px) 100vw, 800px\" \/><\/figure>\n<\/div>\n\n\n<p class=\"has-text-align-center has-small-font-size\"><em>*Rapprochez-vous de votre de mutuelle, de nombreux organismes remboursent cette prestation.<\/em><\/p>\n\n\n\n<hr class=\"wp-block-separator has-alpha-channel-opacity\"\/>\n\n\n\n<h2 class=\"wp-block-heading has-text-align-center\">Fleurs de Bach<\/h2>\n\n\n\n<p class=\"has-text-align-center\">70 euros la s\u00e9ance<\/p>\n\n\n<div class=\"wp-block-image is-resized\">\n<figure class=\"aligncenter size-full\"><img loading=\"lazy\" decoding=\"async\" width=\"800\" height=\"800\" src=\"https:\/\/www.aureliefleurdepeau.com\/wp-content\/uploads\/2022\/12\/fleursdebach-rond.png\" alt=\"\" class=\"wp-image-347\" style=\"object-fit:cover;width:200px;height:200px\" srcset=\"https:\/\/www.aureliefleurdepeau.com\/wp-content\/uploads\/2022\/12\/fleursdebach-rond.png 800w, https:\/\/www.aureliefleurdepeau.com\/wp-content\/uploads\/2022\/12\/fleursdebach-rond-300x300.png 300w, https:\/\/www.aureliefleurdepeau.com\/wp-content\/uploads\/2022\/12\/fleursdebach-rond-150x150.png 150w, https:\/\/www.aureliefleurdepeau.com\/wp-content\/uploads\/2022\/12\/fleursdebach-rond-768x768.png 768w\" sizes=\"auto, (max-width: 800px) 100vw, 800px\" \/><\/figure>\n<\/div>\n\n\n<hr class=\"wp-block-separator has-alpha-channel-opacity\"\/>\n\n\n\n<h2 class=\"wp-block-heading has-text-align-center\">Forfait Zen<\/h2>\n\n\n\n<p class=\"has-text-align-center\">1 s\u00e9ance Fleurs de Bach + 1 s\u00e9ance de R\u00e9flexologie Plantaire : 130 euros<\/p>\n\n\n\n<h2 class=\"wp-block-heading has-text-align-center\">Massage Japonais<\/h2>\n\n\n\n<p class=\"has-text-align-center\">Massage cr\u00e2nien et visage &#8211; effet relaxant et rajeunissant &#8211; soin r\u00e9serv\u00e9 aux femmes : 90 euros<\/p>\n\n\n<div class=\"wp-block-image is-resized\">\n<figure class=\"aligncenter size-full\"><img loading=\"lazy\" decoding=\"async\" width=\"800\" height=\"800\" src=\"https:\/\/www.aureliefleurdepeau.com\/wp-content\/uploads\/2023\/11\/forfait-zen.png\" alt=\"\" class=\"wp-image-651\" style=\"object-fit:cover;width:200px;height:200px\" srcset=\"https:\/\/www.aureliefleurdepeau.com\/wp-content\/uploads\/2023\/11\/forfait-zen.png 800w, https:\/\/www.aureliefleurdepeau.com\/wp-content\/uploads\/2023\/11\/forfait-zen-300x300.png 300w, https:\/\/www.aureliefleurdepeau.com\/wp-content\/uploads\/2023\/11\/forfait-zen-150x150.png 150w, https:\/\/www.aureliefleurdepeau.com\/wp-content\/uploads\/2023\/11\/forfait-zen-768x768.png 768w\" sizes=\"auto, (max-width: 800px) 100vw, 800px\" \/><\/figure>\n<\/div>\n\n\n<hr class=\"wp-block-separator has-alpha-channel-opacity\"\/>\n\n\n\n<p><\/p>\n\n\n\n<p><\/p>\n\n\n\n<p><\/p>\n\n\n\n<p class=\"has-text-align-center has-background-color-background-color has-background\" style=\"font-size:18px\">Ces prestations ne sont pas de nature m\u00e9dicale et ne se substituent aucunement \u00e0 un avis m\u00e9dical.<\/p>\n","protected":false},"excerpt":{"rendered":"<p>R\u00e9flexologie Plantaire* Adulte : 70 euros la s\u00e9ance Enfant -12 ans : 50 euros la s\u00e9ance *Rapprochez-vous de votre de mutuelle, de nombreux organismes remboursent cette prestation. Fleurs de Bach 70 euros la s\u00e9ance Forfait Zen 1 s\u00e9ance Fleurs de Bach + 1 s\u00e9ance de R\u00e9flexologie Plantaire : 130 euros [&hellip;]<\/p>\n","protected":false},"author":1,"featured_media":0,"parent":0,"menu_order":0,"comment_status":"closed","ping_status":"closed","template":"","meta":{"_ti_tpc_template_sync":false,"_ti_tpc_template_id":"","footnotes":""},"class_list":["post-579","page","type-page","status-publish","hentry"],"_links":{"self":[{"href":"https:\/\/www.aureliefleurdepeau.com\/index.php\/wp-json\/wp\/v2\/pages\/579","targetHints":{"allow":["GET"]}}],"collection":[{"href":"https:\/\/www.aureliefleurdepeau.com\/index.php\/wp-json\/wp\/v2\/pages"}],"about":[{"href":"https:\/\/www.aureliefleurdepeau.com\/index.php\/wp-json\/wp\/v2\/types\/page"}],"author":[{"embeddable":true,"href":"https:\/\/www.aureliefleurdepeau.com\/index.php\/wp-json\/wp\/v2\/users\/1"}],"replies":[{"embeddable":true,"href":"https:\/\/www.aureliefleurdepeau.com\/index.php\/wp-json\/wp\/v2\/comments?post=579"}],"version-history":[{"count":30,"href":"https:\/\/www.aureliefleurdepeau.com\/index.php\/wp-json\/wp\/v2\/pages\/579\/revisions"}],"predecessor-version":[{"id":728,"href":"https:\/\/www.aureliefleurdepeau.com\/index.php\/wp-json\/wp\/v2\/pages\/579\/revisions\/728"}],"wp:attachment":[{"href":"https:\/\/www.aureliefleurdepeau.com\/index.php\/wp-json\/wp\/v2\/media?parent=579"}],"curies":[{"name":"wp","href":"https:\/\/api.w.org\/{rel}","templated":true}]}}