{"id":700,"date":"2023-12-29T17:17:42","date_gmt":"2023-12-29T16:17:42","guid":{"rendered":"https:\/\/www.aureliefleurdepeau.com\/?page_id=700"},"modified":"2023-12-29T17:18:52","modified_gmt":"2023-12-29T16:18:52","slug":"conditions-generales-de-ventes","status":"publish","type":"page","link":"https:\/\/www.aureliefleurdepeau.com\/index.php\/conditions-generales-de-ventes\/","title":{"rendered":"Conditions g\u00e9n\u00e9rales de ventes"},"content":{"rendered":"\n<p><strong><em>CONDITIONS GENERALES DE VENTES DE PRESTATIONS DE SERVICES \u2013<\/em><\/strong><\/p>\n\n\n\n<p><strong><em>Aur\u00e9lie PERTROT \u2013 A FLEUR DE PEAU<\/em><\/strong><em><br><br><strong>1- G\u00e9n\u00e9ralit\u00e9s<\/strong><br>Les pr\u00e9sentes conditions g\u00e9n\u00e9rales de vente (CGV) s\u2019appliquent, sans restriction ni r\u00e9serve, \u00e0 l\u2019ensemble des prestations de services (ci-apr\u00e8s les \u00ab&nbsp;Prestations&nbsp;\u00bb) propos\u00e9es par Aur\u00e9lie PERTROT, entreprise individuelle immatricul\u00e9e sous le num\u00e9ro SIREN 813 752 433 RM 05 <\/em><em><\/em><\/p>\n\n\n\n<p><em>, et ce, \u00e0 l\u2019ensemble de ses clients, quel que soit leur statut ou qualit\u00e9. En cons\u00e9quence, la passation d\u2019une commande par un client pour la r\u00e9alisation d\u2019une Prestation propos\u00e9e sur le site internet www.aureliefleurdepeau.com emporte l\u2019adh\u00e9sion de ces derniers et leur acceptation, sans r\u00e9serve, aux pr\u00e9sentes CGV sauf accord particulier pr\u00e9alablement convenu par \u00e9crit entre les parties.&nbsp;La vente ne sera parfaite qu\u2019apr\u00e8s l&rsquo;acceptation expresse par tout moyen \u00e9crit de la commande par \u00ab&nbsp;A Fleur de peau\u00bb.<br>\u00ab&nbsp;A Fleur de peau \u00bb se r\u00e9serve le droit de modifier \u00e0 tout moment les pr\u00e9sentes CGV, \u00e9tant pr\u00e9cis\u00e9 que les modifications seront applicables aux seules commandes pass\u00e9es en suite de l\u2019entr\u00e9e en vigueur desdites modifications.<br>Tout autre document que les pr\u00e9sentes CGV et notamment les publicit\u00e9s, prospectus, flyers\u2026n\u2019a qu\u2019une valeur informative de l\u2019activit\u00e9 propos\u00e9e par \u00ab&nbsp;A Fleur de peau \u00bb et est non contractuel.<br><br><strong>2- Caract\u00e9ristiques g\u00e9n\u00e9rales des Prestations<\/strong><br>La finalit\u00e9 de l\u2019activit\u00e9 de \u00ab&nbsp;A Fleur de peau \u00bb r\u00e9alis\u00e9e par Aur\u00e9lie PERTROT est exclusivement le bien-\u00eatre de la personne.<\/em><\/p>\n\n\n\n<p><em>Pratique de la R\u00e9flexologie plantaire et Conseil en Fleurs de Bach.<\/em><\/p>\n\n\n\n<p><em>Conform\u00e9ment \u00e0 la l\u00e9gislation en vigueur, les s\u00e9ances bien-\u00eatre pratiqu\u00e9es par Aur\u00e9lie PERTROT en l&rsquo;absence de diagnostic et de traitement th\u00e9rapeutique, ne s&rsquo;apparentent en rien, ni dans les contenus ni dans les objectifs, \u00e0 la pratique de la masso-kin\u00e9sith\u00e9rapie, ainsi qu&rsquo;\u00e0 toute pratique m\u00e9dicale, th\u00e9rapeutique ou encore sportive. Il s\u2019agit de techniques de bien-\u00eatre et de relaxation uniquement. Sont \u00e9galement exclues de l\u2019activit\u00e9 de \u00ab&nbsp;A fleur de peau\u00bb, toutes prestations \u00e0 caract\u00e8re \u00e9rotique ou sexuel. Tout comportement d\u00e9plac\u00e9 envers Aur\u00e9lie PERTROT pourra faire l\u2019objet de poursuite judiciaire.<br>Les Prestations propos\u00e9es par \u00ab&nbsp;Aur\u00e9lie PERTROT\u00bb sont disponibles sur le site internet <\/em><a href=\"http:\/\/www.aureliefleurdepeau.com\"><em>www.aureliefleurdepeau.com<\/em><\/a><em>.<\/em><\/p>\n\n\n\n<p><em>Aur\u00e9lie PERTROT, se r\u00e9serve la possibilit\u00e9 d\u2019y apporter \u00e0 tout moment, les am\u00e9liorations et les modifications qu\u2019elle jugerait utile sans \u00eatre tenue cependant de les apporter aux Prestations d\u00e9j\u00e0 effectu\u00e9es, ou en cours de commande.<br><br><strong>3- Conditions de r\u00e9alisation des Prestations<\/strong><br>Aur\u00e9lie PERTROT intervient sur rendez-vous en cabinet dont l\u2019adresse se situe Les Ormes Bat. A 282 avenue de Cannes 06210 Mandelieu.<\/em><\/p>\n\n\n\n<p><em>Les Prestations sont propos\u00e9es du lundi au vendredi et ponctuellement le samedi et La prise de rendez-vous se fera par t\u00e9l\u00e9phone, par mail ou via Resalib.<\/em><\/p>\n\n\n\n<p><em>Toutes les coordonn\u00e9es n\u00e9cessaires \u00e0 la prise de rendez-vous sont disponibles sur le site internet www.aureliefleurdepeau.com.<br>Le type et la dur\u00e9e des prestations sont indiqu\u00e9s sur le site internet <\/em><a href=\"http:\/\/www.aureliefleurdepeau.com\"><em>www.aureliefleurdepeau.com<\/em><\/a><em><\/em><\/p>\n\n\n\n<ul class=\"wp-block-list\">\n<li><em><br><strong>4- Les contre-indications \u00e0 la R\u00e9flexologie Plantaire<\/strong><br>Chaque client devra se conformer aux conseils et aux recommandations de Aur\u00e9lie PERTROT, notamment au niveau des contre-indications de la r\u00e9flexologie plantaire.<br>En effet, \u00e0 la lecture des pr\u00e9sentes CGV, le client est inform\u00e9 et accepte qu\u2019il est contre-indiqu\u00e9 de faire une r\u00e9flexologie plantaire, sans avis m\u00e9dical pr\u00e9alable, \u00e0 des personnes souffrant, sans que cette liste soit exhaustive, de pathologies lourdes (probl\u00e8mes cardiaque, insuffisance r\u00e9nale, cancer, de troubles nerveux (\u00e9pilepsie, &#8230;), de diab\u00e8te important.<br>Il existe des contre-indications absolues :<\/em><em><\/em><\/li>\n\n\n\n<li><em>&nbsp;<\/em><em>Traumatisme et inflammation des pieds (dont plaies ouvertes)<\/em><\/li>\n\n\n\n<li><em>Phl\u00e9bite, thrombose, \u0153d\u00e8me lymphatique dans l\u2019ann\u00e9e pr\u00e9c\u00e9dente (sauf si vous prenez un traitement anticoagulant ET avec accord de votre m\u00e9decin).<\/em><\/li>\n\n\n\n<li><em>Hypertension importante non stabilis\u00e9e par un traitement m\u00e9dical, quelle qu\u2019en soit la cause<\/em><\/li>\n<\/ul>\n\n\n\n<p><em>Contre-indications au protocole g\u00e9n\u00e9ral&nbsp;:<\/em><\/p>\n\n\n\n<ul class=\"wp-block-list\">\n<li><em>Le premier trimestre de grossesse&nbsp;<\/em><\/li>\n\n\n\n<li><em>Pendant&nbsp; les \u00e9tats de crise&nbsp; comme la fi\u00e8vre ou les inflammations aigues (ecz\u00e9ma, SEP, arthrite). En dehors de ces p\u00e9riodes de crises, aucune contre-indication.&nbsp;<\/em><\/li>\n\n\n\n<li><em>Pendant les pics de maladies auto-immunes non sp\u00e9cifiques (maladie de Crohn, fibromyalgie\u2026). En dehors de ces pics, pas de contre-indication.&nbsp;<\/em><\/li>\n\n\n\n<li><em>Les maladies cardiaques r\u00e9centes, c\u2019est-\u00e0-dire de moins de 6 mois (pontages, infarctus).&nbsp;<\/em><\/li>\n\n\n\n<li><em>Les personnes pr\u00e9sentant un cancer de stade 3 ou 4 en pleine s\u00e9rie de chimioth\u00e9rapie. En dehors de ces p\u00e9riodes, si les ressources vitales de la personne sont disponibles, pas de contre-indications.&nbsp;<\/em><\/li>\n\n\n\n<li><em>Pendant les r\u00e8gles lorsque les menstruations sont abondantes voire h\u00e9morragiques<\/em><\/li>\n\n\n\n<li><em>En cas d\u2019exc\u00e8s de drogues ou d\u2019alcool<\/em><\/li>\n<\/ul>\n\n\n\n<p><em>En cas d\u2019allergies, le client s\u2019engage \u00e0 en informer Aur\u00e9lie PERTROT au moment de la prise de rendez-vous.<br>En cas de grossesse, il est recommand\u00e9 \u00e0 la cliente de demander un avis pr\u00e9alable \u00e0 son m\u00e9decin, gyn\u00e9cologue ou sage-femme et d\u2019en informer Aur\u00e9lie PERTROT lors de la prise de rendez-vous.<\/em><\/p>\n\n\n\n<p><em>Le client informera Madame Aur\u00e9lie PERTROT de son \u00e9tat de sant\u00e9 et de tous changements sur son \u00e9tat de sant\u00e9 lors des prochains rendez-vous.<br>En cons\u00e9quence, Aur\u00e9lie PERTROT se r\u00e9serve le droit de refuser \u00e0 tout moment, un client dont l\u2019\u00e9tat de sant\u00e9 ne serait pas compatible avec la r\u00e9alisation d\u2019une s\u00e9ance de r\u00e9flexologie plantaire sur sa personne sans avis m\u00e9dical pr\u00e9alable.<br>De m\u00eame, les s\u00e9ances ne seront propos\u00e9es qu\u2019aux personnes majeures, ou mineures titulaires d\u2019une autorisation de son repr\u00e9sentant l\u00e9gal \u00e0 la pratique de r\u00e9flexologie plantaire.<\/em><\/p>\n\n\n\n<p><em><br><strong>5- Conditions financi\u00e8res<\/strong><br>Les prix des Prestations propos\u00e9es sont indiqu\u00e9s en euros sur le site www.aureliefleurdepeau.com.<br>Aur\u00e9lie PERTROT n\u2019est pas soumise \u00e0 la Taxe sur la Valeur Ajout\u00e9e (TVA) conform\u00e9ment \u00e0 l\u2019article 293B du Code G\u00e9n\u00e9ral des Imp\u00f4ts, les prix mentionn\u00e9s sur le site internet sont donc indiqu\u00e9s sans TVA. Dans l\u2019hypoth\u00e8se o\u00f9 Aur\u00e9lie PERTROT deviendrait soumis \u00e0 la TVA, les tarifs affich\u00e9s sur le site seront r\u00e9ajust\u00e9s en cons\u00e9quence et applicables \u00e0 toute commande pass\u00e9e suivant la date de son assujettissement.<br>Aur\u00e9lie PERTROT se r\u00e9serve \u00e9galement le droit de modifier ses prix \u00e0 tout moment, \u00e9tant pr\u00e9cis\u00e9 que les Prestations seront factur\u00e9es sur la base des tarifs en vigueur au moment de la r\u00e9servation du rendez-vous.<br><br><strong>5-1.<\/strong>&nbsp; Paiement de la prestation<br>Le paiement de la Prestation devra se faire par ch\u00e8que, CB, ou esp\u00e8ces \u00e0 la fin du rendez-vous..<\/em><\/p>\n\n\n\n<p><em>Dans le cas d\u2019une prestation \u00e0 distance (Conseil fleurs de Bach), le paiement devra \u00eatre effectu\u00e9 avant la prestation par ch\u00e8que ou par virement bancaire.<br>En cas d\u2019annulation de rendez-vous, le client devra le faire par mail au moins 24h avant ce dernier. Tout rendez-vous non annul\u00e9 dans ce d\u00e9lai pourra faire l\u2019objet d\u2019une facturation.<br><br><strong>5-2.<\/strong>&nbsp;Les \u00ab&nbsp;Bons cadeaux&nbsp;\u00bb<br>Le client a la possibilit\u00e9 d\u2019acheter un \u00ab&nbsp;bon cadeau&nbsp;\u00bb pour un tiers b\u00e9n\u00e9ficiaire sur simple commande par t\u00e9l\u00e9phone ou par e-mail (l\u2019ensemble des coordonn\u00e9es figurant sur le site internet www.aureliefleurdepeau.com. Pour cela, Aur\u00e9lie PERTROT devra \u00eatre inform\u00e9e de la prestation souhait\u00e9e ou bien de la valeur du \u00ab&nbsp;bon cadeau&nbsp;\u00bb laissant ainsi le choix au tiers b\u00e9n\u00e9ficiaire de la Prestation d\u00e9sir\u00e9e, du nom et pr\u00e9nom du client, de ses coordonn\u00e9es t\u00e9l\u00e9phoniques, de son adresse postale compl\u00e8te (\u00e0 d\u00e9faut, Aur\u00e9lie PERTROT ne pourra \u00eatre tenue pour responsable du d\u00e9faut de livraison) ainsi que le nom et pr\u00e9nom du tiers b\u00e9n\u00e9ficiaire.<br>Ce n\u2019est uniquement qu\u2019apr\u00e8s r\u00e9ception et encaissement du paiement (par ch\u00e8que, CB, virement ou par esp\u00e8ces) du client que le \u00ab&nbsp;bon cadeau&nbsp;\u00bb lui sera envoy\u00e9 par courrier postal (aucun frais suppl\u00e9mentaire ne sera factur\u00e9 pour l\u2019envoi). Le tiers b\u00e9n\u00e9ficiaire pourra alors prendre rendez-vous avec Aur\u00e9lie PERTROT en indiquant le code mentionn\u00e9 sur le \u00ab&nbsp;bon cadeau&nbsp;\u00bb.<br>Un d\u00e9lai de r\u00e9tractation de 14 jours ouvrables \u00e0 compter de la r\u00e9ception du paiement du client est pr\u00e9vu sans justificatif ni p\u00e9nalit\u00e9. Pour donner lieu \u00e0 remboursement, le \u00ab&nbsp;bon cadeau&nbsp;\u00bb original devra \u00eatre renvoy\u00e9 par voie postale dans ce d\u00e9lai de 14 jours \u00e0 l\u2019adresse suivante&nbsp;: A FLEUR DE PEAU \u2013 Aur\u00e9lie PERTROT \u2013 Les Ormes Bat. A 282 avenue de Cannes 06210 Mandelieu \u00ab&nbsp; A FLEUR DE PEAU \u00bb proc\u00e8dera au remboursement des sommes vers\u00e9es par le client dans un d\u00e9lai maximum de 30 (trente) jours \u00e0 compter de la r\u00e9ception du \u00ab&nbsp;bon cadeau&nbsp;\u00bb original.<br>Le \u00ab&nbsp;bon cadeau&nbsp;\u00bb est valable 12 mois \u00e0 compter de sa date d\u2019achat. Il ne sera ni remplac\u00e9, ni rembours\u00e9 en cas de perte, de vol, ou de fin de validit\u00e9.<br>Dans le cadre d\u2019un \u00ab&nbsp;bon cadeau&nbsp;\u00bb, le rendez-vous fix\u00e9 pourra \u00eatre annul\u00e9 et modifi\u00e9 sans frais suppl\u00e9mentaire, une seule fois si la personne pr\u00e9vient \u00ab&nbsp;A FLEUR DE PEAU\u00bb uniquement par mail &nbsp;ou par t\u00e9l\u00e9phone au moins 24h avant la date pr\u00e9vue initialement. Dans le cas contraire, aucun remboursement ne pourra avoir lieu et le \u00ab&nbsp;bon cadeau&nbsp;\u00bb n\u2019aura plus de validit\u00e9.<br><br><strong>5-3.<\/strong>&nbsp;5-3 Les Prestations n\u00e9cessitant un devis personnalis\u00e9 (\u00e9v\u00e8nementiels, salons, atelier,\u2026) et qui ne font pas l\u2019objet d\u2019un contrat cadre de fourniture de prestations de services entre les parties<br>Le devis est valable un mois \u00e0 partir de la date d\u2019\u00e9mission de celui-ci.<br>Le devis et les CGV sign\u00e9s par le client valent pour accord et bon de commande. Le devis et les CGV sign\u00e9s doivent \u00eatre accompagn\u00e9s d\u2019un versement de 30% du montant total indiqu\u00e9 sur le devis. Le versement de cet acompte se fera par ch\u00e8que ou virement bancaire.<br>Sauf d\u00e9lai de paiement suppl\u00e9mentaire convenu par accord entre les deux parties et figurant sur la facture, le solde du paiement s\u2019effectue au comptant dans un d\u00e9lai maximal de 15 (quinze) jours suivant la date d\u2019\u00e9mission de la facture, par ch\u00e8que ou virement bancaire. En cas de retard de paiement, une p\u00e9nalit\u00e9 fix\u00e9e \u00e0 15% du montant de la facture, par mois de retard entam\u00e9, est exigible sans qu\u2019un rappel ne soit n\u00e9cessaire, d\u00e8s le jour suivant la date limite de r\u00e8glement.<br>Toute demande de report ou d\u2019annulation par le client devra parvenir \u00e0 Aur\u00e9lie PERTROT au moins 15 (quinze) jours ouvrables avant la date fix\u00e9e. A d\u00e9faut, Aur\u00e9lie PERTROT sera en droit de facturer, \u00e0 titre d\u2019indemnit\u00e9, 50 (cinquante) pourcent du montant total de la facture, avant d\u00e9duction de l\u2019acompte per\u00e7u.<br>Si l\u2019annulation intervient dans les 7 (sept) jours ouvrables avant la date fix\u00e9e, Aur\u00e9lie PERTROT sera en droit de facturer, \u00e0 titre d\u2019indemnit\u00e9, 75 (soixante-quinze) pourcent du montant total de la facture, avant d\u00e9duction de l\u2019acompte per\u00e7u.<br>En cas d\u2019annulation sur place ou la veille, l\u2019indemnit\u00e9 sera de 100 (cent) pourcent du montant de la Prestation pr\u00e9vue.<br>En cas d\u2019annulation \u00e0 l\u2019initiative de Aur\u00e9lie PERTROT et si aucune date de remplacement n\u2019est convenue, celle-ci remboursera au client l\u2019acompte per\u00e7u dans un d\u00e9lai maximal de 8 (huit) jours.<br><br><strong>6- Incapacit\u00e9 de travail<\/strong><br>En cas d\u2019incapacit\u00e9 physique temporaire, par suite de maladie ou d\u2019accident de Aur\u00e9lie PERTROT se r\u00e9serve le droit de replanifier de nouvelles dates d\u2019interventions en concertation avec le client sans qu\u2019il ne puisse \u00eatre exig\u00e9 par ce dernier de versement d\u2019indemnit\u00e9. En cas d\u2019incapacit\u00e9 physique permanente de la praticienne, tout type de contrat ou d\u2019engagement avec les clients de Aur\u00e9lie PERTROT\u00bb seront r\u00e9sili\u00e9s de plein droit sans qu\u2019il ne puisse \u00eatre r\u00e9clam\u00e9 \u00e0 &nbsp;Aur\u00e9lie PERTROT une indemnit\u00e9 compensatrice. Les acomptes per\u00e7us seront restitu\u00e9s au client dans un d\u00e9lai maximal de&nbsp;8 (huit) jours suivant la r\u00e9siliation du contrat.<br><br><strong>7- Lieu d\u2019intervention<\/strong><\/em><\/p>\n\n\n\n<p><em>.<br>Des d\u00e9placements ponctuels dans les Alpes Maritimes sont possibles, sur demande particuli\u00e8re. Un devis sera \u00e9tabli pr\u00e9alablement.<br><br><strong>8- Loi applicable et juridiction comp\u00e9tente<\/strong><br>Les pr\u00e9sentes CGV sont soumises \u00e0 la l\u00e9gislation fran\u00e7aise. En cas de litiges les parties s\u2019engagent \u00e0 rechercher une solution \u00e0 l\u2019amiable avant toute action judiciaire. A d\u00e9faut, tout diff\u00e9rent survenant avec un client ayant la qualit\u00e9 de commer\u00e7ant et qui serait li\u00e9 \u00e0 l\u2019interpr\u00e9tation, l\u2019ex\u00e9cution ou la validit\u00e9 des pr\u00e9sentes CGV sera soumis \u00e0 la comp\u00e9tence exclusive des tribunaux de Grasse. Pour l\u2019ensemble des autres clients, ce sont les dispositions du code de proc\u00e9dure civile qui s\u2019appliqueront.<br><br><strong>9- Propri\u00e9t\u00e9 intellectuelle<\/strong><br>Aur\u00e9lie PERTROT est titulaire des droits de propri\u00e9t\u00e9 intellectuelle sur tous les \u00e9l\u00e9ments pr\u00e9sents visibles sur le site www.aureliefleurdepeau.com, notamment&nbsp;: les textes, images, photos, graphismes, logo.<\/em><\/p>\n\n\n\n<p><em>Toute reproduction, repr\u00e9sentation, modification, publication, adaptation ou exploitation de tout ou partie de Aur\u00e9lie PERTROT ou autres \u00e9l\u00e9ments du site www.aureliefleurdepau.com est interdite sur quelque support que ce soit et de quelque mani\u00e8re que ce soit sauf avec un accord \u00e9crit de&nbsp;Aur\u00e9lie PERTROT.<br><br><strong>10- Responsabilit\u00e9 civile professionnelle<\/strong><br>Aur\u00e9lie PERTROT a souscrit aupr\u00e8s d\u2019une compagnie notoire une assurance en responsabilit\u00e9 civile professionnelle et risques d\u2019exploitation.<br>Il est pr\u00e9cis\u00e9 que la responsabilit\u00e9 de Aur\u00e9lie PERTROT ne saurait \u00eatre engag\u00e9e en cas de dommages li\u00e9s \u00e0 la n\u00e9gligence d\u2019un client, en particulier s\u2019il n\u2019a pas r\u00e9v\u00e9l\u00e9 \u00e0 Aur\u00e9lie PERTROT l\u2019existence de contre-indications l\u2019affectant durant les rendez-vous, et \u00e9galement en cas de modifications de son \u00e9tat de sant\u00e9 personnel.<br><br><br>Date d\u2019entr\u00e9e en vigueur&nbsp;: 26 d\u00e9cembre 2023<\/em><\/p>\n","protected":false},"excerpt":{"rendered":"<p>CONDITIONS GENERALES DE VENTES DE PRESTATIONS DE SERVICES \u2013 Aur\u00e9lie PERTROT \u2013 A FLEUR DE PEAU 1- G\u00e9n\u00e9ralit\u00e9sLes pr\u00e9sentes conditions g\u00e9n\u00e9rales de vente (CGV) s\u2019appliquent, sans restriction ni r\u00e9serve, \u00e0 l\u2019ensemble des prestations de services (ci-apr\u00e8s les \u00ab&nbsp;Prestations&nbsp;\u00bb) propos\u00e9es par Aur\u00e9lie PERTROT, entreprise individuelle immatricul\u00e9e sous le num\u00e9ro SIREN 813 [&hellip;]<\/p>\n","protected":false},"author":1,"featured_media":0,"parent":0,"menu_order":0,"comment_status":"closed","ping_status":"closed","template":"","meta":{"_ti_tpc_template_sync":false,"_ti_tpc_template_id":"","footnotes":""},"class_list":["post-700","page","type-page","status-publish","hentry"],"_links":{"self":[{"href":"https:\/\/www.aureliefleurdepeau.com\/index.php\/wp-json\/wp\/v2\/pages\/700","targetHints":{"allow":["GET"]}}],"collection":[{"href":"https:\/\/www.aureliefleurdepeau.com\/index.php\/wp-json\/wp\/v2\/pages"}],"about":[{"href":"https:\/\/www.aureliefleurdepeau.com\/index.php\/wp-json\/wp\/v2\/types\/page"}],"author":[{"embeddable":true,"href":"https:\/\/www.aureliefleurdepeau.com\/index.php\/wp-json\/wp\/v2\/users\/1"}],"replies":[{"embeddable":true,"href":"https:\/\/www.aureliefleurdepeau.com\/index.php\/wp-json\/wp\/v2\/comments?post=700"}],"version-history":[{"count":2,"href":"https:\/\/www.aureliefleurdepeau.com\/index.php\/wp-json\/wp\/v2\/pages\/700\/revisions"}],"predecessor-version":[{"id":702,"href":"https:\/\/www.aureliefleurdepeau.com\/index.php\/wp-json\/wp\/v2\/pages\/700\/revisions\/702"}],"wp:attachment":[{"href":"https:\/\/www.aureliefleurdepeau.com\/index.php\/wp-json\/wp\/v2\/media?parent=700"}],"curies":[{"name":"wp","href":"https:\/\/api.w.org\/{rel}","templated":true}]}}